{"id":278,"date":"2025-02-17T19:48:30","date_gmt":"2025-02-17T19:48:30","guid":{"rendered":"https:\/\/gerdygamingcz.com\/?page_id=278"},"modified":"2026-03-21T06:46:45","modified_gmt":"2026-03-21T06:46:45","slug":"post","status":"publish","type":"page","link":"https:\/\/gerdygamingcz.com\/?page_id=278","title":{"rendered":"Post"},"content":{"rendered":"\t\t<div data-elementor-type=\"wp-page\" data-elementor-id=\"278\" class=\"elementor elementor-278\">\n\t\t\t\t<div class=\"elementor-element elementor-element-6fe22ff4 e-flex e-con-boxed e-con e-parent\" data-id=\"6fe22ff4\" data-element_type=\"container\" data-e-type=\"container\">\n\t\t\t\t\t<div class=\"e-con-inner\">\n\t\t\t\t<div class=\"elementor-element elementor-element-7c9a31b8 elementor-widget elementor-widget-text-editor\" data-id=\"7c9a31b8\" data-element_type=\"widget\" data-e-type=\"widget\" data-widget_type=\"text-editor.default\">\n\t\t\t\t<div class=\"elementor-widget-container\">\n\t\t\t\t\t\t\t\t\t\n<p><\/p>\n\n\n<div class=\"puf-container\">\n<div class=\"puf-post\" style=\"background:#9e9e9e;color:#000000;\">\n<h3>welcome back<\/h3>\n<div class=\"puf-meta\">me  \u2014 news \u2014 2026-05-02 08:09:57<\/div>\n<div class=\"puf-content\">I will be having lifesteal server<\/div>\n<p style=\"margin-top:10px;\"><button class=\"puf-like-btn\" data-id=\"26\">\u2764 Like <span>0<\/span><\/button> <\/p>\n<\/div>\n<div class=\"puf-post\" style=\"background:#c1c1c1;color:#000000;\">\n<h3>today is great day (cz,eng)<\/h3>\n<div class=\"puf-meta\">me  \u2014 news \u2014 2026-05-01 17:02:10<\/div>\n<div class=\"puf-content\">beautiful today<br \/>\ndnes kr\u00e1sn\u011b<\/div>\n<p style=\"margin-top:10px;\"><button class=\"puf-like-btn\" data-id=\"25\">\u2764 Like <span>0<\/span><\/button> <\/p>\n<\/div>\n<div class=\"puf-post\" style=\"background:#ffffff;color:#000000;\">\n<h3>coming soon hosting cheap I try<\/h3>\n<div class=\"puf-meta\">me  \u2014 news \u2014 2026-05-01 14:41:58<\/div>\n<div class=\"puf-content\">hosting will take a time to do but I am preparing server for now<\/div>\n<p style=\"margin-top:10px;\"><button class=\"puf-like-btn\" data-id=\"24\">\u2764 Like <span>0<\/span><\/button> <\/p>\n<\/div>\n<div class=\"puf-post\" style=\"background:#828282;color:#000000;\">\n<h3>undertale maker engine cz or eng<\/h3>\n<div class=\"puf-meta\">me  \u2014 news \u2014 2026-04-05 18:16:47<\/div>\n<div class=\"puf-content\">I own this<\/p>\n<p>new remake engine show you soon<\/p>\n<p>soon you can easy create games:)<br \/>\nhappy create own fangame<\/div>\n<div class=\"puf-media\"><img decoding=\"async\" src=\"https:\/\/gerdygamingcz.com\/wp-content\/uploads\/2026\/04\/Snimek-obrazovky-2026-04-05-140607.png\" alt=\"\" style=\"max-width:100%;height:auto\"><\/div>\n<p style=\"margin-top:10px;\"><button class=\"puf-like-btn\" data-id=\"23\">\u2764 Like <span>0<\/span><\/button> <\/p>\n<\/div>\n<div class=\"puf-post\" style=\"background:#ffffff;color:#000000;\">\n<h3>\ud83d\ude42<\/h3>\n<div class=\"puf-meta\">Me  \u2014 News \u2014 2026-04-05 09:13:30<\/div>\n<div class=\"puf-content\">:)\ud83d\ude00<\/div>\n<p style=\"margin-top:10px;\"><button class=\"puf-like-btn\" data-id=\"22\">\u2764 Like <span>0<\/span><\/button> <\/p>\n<\/div>\n<div class=\"puf-post\" style=\"background:#000000;color:#ffffff;\">\n<h3>undertale Engine E1 comming soon!<\/h3>\n<div class=\"puf-meta\">me  \u2014 engine \u2014 2026-04-03 08:23:46<\/div>\n<div class=\"puf-content\">The engine is a prototype, maybe not anymore<\/p>\n<p>4 or 6 days of work and it\\&#039;s not finished yet<br \/>\n&#8211;<br \/>\nI own it<br \/>\nI own etc., but not the game Undertale<br \/>\nCZ<br \/>\nEngine je prototyp, mo\u017en\u00e1 u\u017e ne<\/p>\n<p>4 nebo 6 dn\u00ed pr\u00e1ce a je\u0161t\u011b nen\u00ed hotov\u00fd<br \/>\n&#8211;<br \/>\nvlastn\u00edm ho j\u00e1<br \/>\nvlastn\u00edm atd., ale ne hra Undertale<\/div>\n<div class=\"puf-media\"><img decoding=\"async\" src=\"https:\/\/gerdygamingcz.com\/wp-content\/uploads\/2026\/04\/Snimek-obrazovky-2026-04-03-101125.png\" alt=\"\" style=\"max-width:100%;height:auto\"><\/div>\n<p style=\"margin-top:10px;\"><button class=\"puf-like-btn\" data-id=\"21\">\u2764 Like <span>0<\/span><\/button> <\/p>\n<\/div>\n<div class=\"puf-post\" style=\"background:#ffffff;color:#000000;\">\n<h3>Ai make you stupid<\/h3>\n<div class=\"puf-meta\">News me  \u2014 News \u2014 2026-03-31 13:06:19<\/div>\n<div class=\"puf-content\">This ai help And no<\/p>\n<p>Ai Is bad or good?:<br \/>\nBe aware of what you are doing.<\/p>\n<p>Ai can help and not only that, but most importantly use it for a good purpose<\/p><\/div>\n<p style=\"margin-top:10px;\"><button class=\"puf-like-btn\" data-id=\"20\">\u2764 Like <span>0<\/span><\/button> <\/p>\n<\/div>\n<div class=\"puf-post\" style=\"background:#81d742;color:#eeee22;\">\n<h3>x<\/h3>\n<div class=\"puf-meta\">me  \u2014 x \u2014 2026-03-30 14:21:18<\/div>\n<div class=\"puf-content\">https:\/\/x.com\/gerdygaming<\/div>\n<p style=\"margin-top:10px;\"><button class=\"puf-like-btn\" data-id=\"19\">\u2764 Like <span>0<\/span><\/button> <\/p>\n<\/div>\n<div class=\"puf-post\" style=\"background:#81d742;color:#000000;\">\n<h3>V0.2 update???<\/h3>\n<div class=\"puf-meta\">Darkball (game) \u2014 Game \u2014 2026-03-23 15:08:24<\/div>\n<div class=\"puf-content\">Hi<\/p>\n<p>I want Tell you game Development go Faster <\/p>\n<p>What can you expect And why not Is update yet?<\/p>\n<p>Because 2 people think my game Is not Fun but ONLY th\u00e9 first one (Free)<\/p>\n<p>Paid yes<\/p>\n<p>Do I do this ONLY for money?<\/p>\n<p>No<\/p>\n<p>Do you need them?<\/p>\n<p>Yes<\/p>\n<p>But I hate people when they say somthing when game needs to ve free if you can\\\\\\&#039;t<\/p>\n<p>Do people need the money?<\/p>\n<p>It\\\\\\&#039;s based on if you want ONLY money<\/p>\n<p>Update?<\/p>\n<p>Th\u00e9 game Is for evryone <\/p>\n<p>Th\u00e9 game gets update <\/p>\n<p>Game Will be update <\/p>\n<p>For the update!<\/p>\n<p>Better gameplay <\/p>\n<p>Better game look<\/p>\n<p>Better CZ,Eng coming <\/p>\n<p>New <\/p><\/div>\n<div class=\"puf-media\" style=\"margin-top:10px;\">\n<div style=\"position:relative;padding-bottom:56.25%;height:0;overflow:hidden;\"><iframe src=\"https:\/\/www.youtube.com\/embed\/SeHFyrIdf2c?rel=0&#038;modestbranding=1\" frameborder=\"0\" allow=\"accelerometer; autoplay; clipboard-write; encrypted-media; gyroscope; picture-in-picture\" allowfullscreen style=\"position:absolute;top:0;left:0;width:100%;height:100%;\"><\/iframe><\/div>\n<\/div>\n<p style=\"margin-top:10px;\"><button class=\"puf-like-btn\" data-id=\"18\">\u2764 Like <span>0<\/span><\/button> <\/p>\n<\/div>\n<div class=\"puf-post\" style=\"background:#ffffff;color:#000000;\">\n<h3>update of my game comming soon<\/h3>\n<div class=\"puf-meta\">gerdy (game) \u2014 hra \u2014 2026-03-21 06:40:10<\/div>\n<div class=\"puf-content\">Hi<\/p>\n<p>whole new design<br \/>\nnew gameplay<br \/>\nupdate will be as soon possible try<br \/>\nhere too<\/p>\n<p>and many more<br \/>\nfor people:<br \/>\nnothing good from some developers<\/div>\n<div class=\"puf-media\"><img decoding=\"async\" src=\"https:\/\/gerdygamingcz.com\/wp-content\/uploads\/2026\/03\/nrmSq-1.png\" alt=\"\" style=\"max-width:100%;height:auto\"><\/div>\n<div class=\"puf-media\" style=\"margin-top:10px;\">\n<div style=\"position:relative;padding-bottom:56.25%;height:0;overflow:hidden;\"><iframe src=\"https:\/\/www.youtube.com\/embed\/SeHFyrIdf2c?rel=0&#038;modestbranding=1\" frameborder=\"0\" allow=\"accelerometer; autoplay; clipboard-write; encrypted-media; gyroscope; picture-in-picture\" allowfullscreen style=\"position:absolute;top:0;left:0;width:100%;height:100%;\"><\/iframe><\/div>\n<\/div>\n<p style=\"margin-top:10px;\"><button class=\"puf-like-btn\" data-id=\"17\">\u2764 Like <span>0<\/span><\/button> <\/p>\n<\/div>\n<div class=\"puf-post\" style=\"background:#ffffff;color:#000000;\">\n<h3>Post my<\/h3>\n<div class=\"puf-meta\">Me  \u2014 Welcome post \u2014 2026-03-16 14:17:00<\/div>\n<div class=\"puf-content\">Hi<\/p>\n<p>Welcome in thes post<\/p><\/div>\n<p style=\"margin-top:10px;\"><button class=\"puf-like-btn\" data-id=\"16\">\u2764 Like <span>0<\/span><\/button> <\/p>\n<\/div>\n<div class=\"puf-post\" style=\"background:#ffffff;color:#000000;\">\n<h3>ai starts gets better<\/h3>\n<div class=\"puf-meta\">me  \u2014 news \u2014 2026-03-10 18:06:08<\/div>\n<div class=\"puf-content\">ai does help but it does not<\/p>\n<p>ai can be used like helpful tool or bad<\/p>\n<p>bad things:<br \/>\nlike steal with thes info<br \/>\nand many more<br \/>\ngood thing:<br \/>\nai can help many things too:<\/div>\n<p style=\"margin-top:10px;\"><button class=\"puf-like-btn\" data-id=\"15\">\u2764 Like <span>0<\/span><\/button> <\/p>\n<\/div>\n<div class=\"puf-post\" style=\"background:#125e28;color:#81d742;\">\n<h3>1 day poison in world<\/h3>\n<div class=\"puf-meta\">dark ball\/gerdygamingyt (game) \u2014 game \u2014 2026-03-10 17:41:17<\/div>\n<div class=\"puf-content\">update here v0.1:<\/p>\n<p>price 1 dollar<\/p>\n<p>coming soon updates!<\/p>\n<p>update of old game:<br \/>\ndark and depresing evrioment<br \/>\nnot much to that game!<br \/>\nnow update 0.1v<\/p>\n<p>more changes<br \/>\nsee for yourself<br \/>\nenjoy<\/div>\n<div class=\"puf-media\" style=\"margin-top:10px;\">\n<div style=\"position:relative;padding-bottom:56.25%;height:0;overflow:hidden;\"><iframe src=\"https:\/\/www.youtube.com\/embed\/RuhOETz17iQ?rel=0&#038;modestbranding=1\" frameborder=\"0\" allow=\"accelerometer; autoplay; clipboard-write; encrypted-media; gyroscope; picture-in-picture\" allowfullscreen style=\"position:absolute;top:0;left:0;width:100%;height:100%;\"><\/iframe><\/div>\n<\/div>\n<p style=\"margin-top:10px;\"><button class=\"puf-like-btn\" data-id=\"14\">\u2764 Like <span>0<\/span><\/button> <\/p>\n<\/div>\n<div class=\"puf-post\" style=\"background:#ffffff;color:#000000;\">\n<h3>fiverr my gig<\/h3>\n<div class=\"puf-meta\">me  \u2014 fiverr \u2014 2025-12-27 13:04:06<\/div>\n<div class=\"puf-content\">http:\/\/www.fiverr.com\/s\/kLNNLYN<\/div>\n<p style=\"margin-top:10px;\"><button class=\"puf-like-btn\" data-id=\"13\">\u2764 Like <span>0<\/span><\/button> <\/p>\n<\/div>\n<div class=\"puf-post\" style=\"background:#ffffff;color:#000000;\">\n<h3>Kamar\u00e1dstv\u00ed + friends<\/h3>\n<div class=\"puf-meta\">Me  \u2014 News \u2014 2025-12-09 12:35:16<\/div>\n<div class=\"puf-content\">Je z\u00e1bava i smutek i to co nechce\u0161<\/p>\n<p>There is fun and sadness and what you don\\&#039;t want.<\/p><\/div>\n<p style=\"margin-top:10px;\"><button class=\"puf-like-btn\" data-id=\"12\">\u2764 Like <span>0<\/span><\/button> <\/p>\n<\/div>\n<div class=\"puf-post\" style=\"background:#ffffff;color:#000000;\">\n<h3>Updated 2+<\/h3>\n<div class=\"puf-meta\">me  \u2014 hra \u2014 2025-12-09 05:03:59<\/div>\n<div class=\"puf-content\">added co-op<br \/>\nadded back levels<br \/>\nadded fixed teleport co-op<br \/>\nfixed co-op fully with full levels<br \/>\nmenu co-op and single<br \/>\nco-op only support 2 players<br \/>\nsingleplayer only 1 player<br \/>\nw,a,s,d<br \/>\netc<\/p>\n<p>https:\/\/x.com\/gerdygaming updates you can find here x<br \/>\nand my games on my web too you can support me there better<\/p>\n<p>how to:<br \/>\n1.type into box any<br \/>\n2.create<br \/>\n3.join<br \/>\n4.host start game<\/p>\n<p>if you want play single player start game in menu!!<br \/>\nhttps:\/\/store.steampowered.com\/app\/3120750\/Dark_Ball\/<\/div>\n<p style=\"margin-top:10px;\"><button class=\"puf-like-btn\" data-id=\"11\">\u2764 Like <span>0<\/span><\/button> <\/p>\n<\/div>\n<div class=\"puf-post\" style=\"background:#ffffff;color:#000000;\">\n<h3>Dark Ball(Dark Verse)<\/h3>\n<div class=\"puf-meta\">me (game) \u2014 video muzic \u2014 2025-12-08 15:39:09<\/div>\n<div class=\"puf-content\">I am author of this<\/p>\n<p>author:<br \/>\ndark ball + all my channels<br \/>\ndark ball steam<\/div>\n<div class=\"puf-media\" style=\"margin-top:10px;\">\n<div style=\"position:relative;padding-bottom:56.25%;height:0;overflow:hidden;\"><iframe src=\"https:\/\/www.youtube.com\/embed\/bX5ZakMMs-g?rel=0&#038;modestbranding=1\" frameborder=\"0\" allow=\"accelerometer; autoplay; clipboard-write; encrypted-media; gyroscope; picture-in-picture\" allowfullscreen style=\"position:absolute;top:0;left:0;width:100%;height:100%;\"><\/iframe><\/div>\n<\/div>\n<p style=\"margin-top:10px;\"><button class=\"puf-like-btn\" data-id=\"10\">\u2764 Like <span>0<\/span><\/button> <\/p>\n<\/div>\n<div class=\"puf-post\" style=\"background:#ffffff;color:#000000;\">\n<h3>steam dark ball<\/h3>\n<div class=\"puf-meta\">me  \u2014 hra \u2014 2025-12-05 19:09:43<\/div>\n<div class=\"puf-content\">dark ball coming soon big update<\/p>\n<p>I can tell will be lot of things!<br \/>\n+more longer gameplay<\/p>\n<p>old video<br \/>\ncoming new things<\/div>\n<div class=\"puf-media\" style=\"margin-top:10px;\">\n<div style=\"position:relative;padding-bottom:56.25%;height:0;overflow:hidden;\"><iframe src=\"https:\/\/www.youtube.com\/embed\/9WYBUY0nYIk?rel=0&#038;modestbranding=1\" frameborder=\"0\" allow=\"accelerometer; autoplay; clipboard-write; encrypted-media; gyroscope; picture-in-picture\" allowfullscreen style=\"position:absolute;top:0;left:0;width:100%;height:100%;\"><\/iframe><\/div>\n<\/div>\n<p style=\"margin-top:10px;\"><button class=\"puf-like-btn\" data-id=\"9\">\u2764 Like <span>0<\/span><\/button> <\/p>\n<\/div>\n<div class=\"puf-post\" style=\"background:#ffffff;color:#000000;\">\n<h3>dark ball<\/h3>\n<div class=\"puf-meta\">me  \u2014 game \u2014 2025-12-03 17:18:11<\/div>\n<div class=\"puf-content\">explore this game have fun and enjoy<br \/>\ncheap game<\/p>\n<p>https:\/\/store.steampowered.com\/app\/3120750\/Dark_Ball\/<\/p><\/div>\n<p style=\"margin-top:10px;\"><button class=\"puf-like-btn\" data-id=\"8\">\u2764 Like <span>0<\/span><\/button> <\/p>\n<\/div>\n<div class=\"puf-post\" style=\"background:#0a0a0a;color:#ffffff;\">\n<h3>sky<\/h3>\n<div class=\"puf-meta\">me  \u2014 Photo \u2014 2025-12-02 14:11:28<\/div>\n<div class=\"puf-content\">Photo of the sky behind the roundness of the earth<\/div>\n<div class=\"puf-media\"><img decoding=\"async\" src=\"https:\/\/gerdygamingcz.com\/wp-content\/uploads\/2025\/12\/IMG_20251107_092608-1.jpg\" alt=\"\" style=\"max-width:100%;height:auto\"><\/div>\n<p style=\"margin-top:10px;\"><button class=\"puf-like-btn\" data-id=\"7\">\u2764 Like <span>0<\/span><\/button> <\/p>\n<\/div>\n<div class=\"puf-post\" style=\"background:#0a0a0a;color:#ffffff;\">\n<h3>Troll meme<\/h3>\n<div class=\"puf-meta\">Me  \u2014 meme \u2014 2025-12-02 11:24:29<\/div>\n<div class=\"puf-content\">Troll face<br \/>\nTroll meme<\/p>\n<p>Fun,horror meme\n<\/div>\n<div class=\"puf-media\"><img decoding=\"async\" src=\"https:\/\/gerdygamingcz.com\/wp-content\/uploads\/2025\/12\/1668_picture.png\" alt=\"\" style=\"max-width:100%;height:auto\"><\/div>\n<p style=\"margin-top:10px;\"><button class=\"puf-like-btn\" data-id=\"6\">\u2764 Like <span>0<\/span><\/button> <\/p>\n<\/div>\n<div class=\"puf-post\" style=\"background:#ffffff;color:#000000;\">\n<h3>Obloha<\/h3>\n<div class=\"puf-meta\">Me  \u2014 Fotka \u2014 2025-12-02 09:00:08<\/div>\n<div class=\"puf-content\">Fotka oblohy za kulacen\u00ed zemn\u011b<\/p>\n<\/div>\n<div class=\"puf-media\"><img decoding=\"async\" src=\"https:\/\/gerdygamingcz.com\/wp-content\/uploads\/2025\/12\/IMG_20251107_092608.jpg\" alt=\"\" style=\"max-width:100%;height:auto\"><\/div>\n<p style=\"margin-top:10px;\"><button class=\"puf-like-btn\" data-id=\"5\">\u2764 Like <span>0<\/span><\/button> <\/p>\n<\/div>\n<div class=\"puf-post\" style=\"background:#ff0000;color:#000000;\">\n<h3>my channel<\/h3>\n<div class=\"puf-meta\">me  \u2014 channel \u2014 2025-12-01 15:16:22<\/div>\n<div class=\"puf-content\">I have new idea<\/p>\n<p>this idea is about: project arrythmia and gaming and now should be about develop games etc<br \/>\nhttps:\/\/www.youtube.com\/@gerdygamingYT\n<\/div>\n<p style=\"margin-top:10px;\"><button class=\"puf-like-btn\" data-id=\"4\">\u2764 Like <span>0<\/span><\/button> <\/p>\n<\/div>\n<div class=\"puf-post\" style=\"background:#1e73be;color:#848484;\">\n<h3>New update 5-10 days<\/h3>\n<div class=\"puf-meta\">Dark ball (game) \u2014 Game \u2014 2025-12-01 07:18:36<\/div>\n<div class=\"puf-content\">New updated:<\/p>\n<p>I don\\&#039;t know<\/p>\n<p>3-5 days maybe more then Now usually<\/p>\n<p>Last update:<\/p>\n<p>Last update dosn\\&#039;t have more building<\/p>\n<p>Better gameplay little b\u00edt<\/p>\n<p>Fixed stuff<\/p>\n<p>Menu<\/p>\n<p>What should I add?!<\/p><\/div>\n<p style=\"margin-top:10px;\"><button class=\"puf-like-btn\" data-id=\"3\">\u2764 Like <span>0<\/span><\/button> <\/p>\n<\/div>\n<div class=\"puf-post\" style=\"background:#ffffff;color:#000000;\">\n<h3>game update 3<\/h3>\n<div class=\"puf-meta\">me (game) \u2014 hra \u2014 2025-12-01 06:32:32<\/div>\n<div class=\"puf-content\">hi<\/p>\n<p>-better\u00a0controllable player<br \/>\n-more added<br \/>\n-fixed<br \/>\n-2 or 1 day fixing and adding stuff<br \/>\n-better gameplay<br \/>\n-and warning dowloand updated version game name ends on jam.<\/p>\n<p>not updated anymore I will comback to this!<br \/>\nhappy playing<\/div>\n<p style=\"margin-top:10px;\"><button class=\"puf-like-btn\" data-id=\"2\">\u2764 Like <span>0<\/span><\/button> <\/p>\n<\/div>\n<div class=\"puf-post\" style=\"background:#ffffff;color:#000000;\">\n<h3>playing solo leveling mod (gameplay)<\/h3>\n<div class=\"puf-meta\">me (game) \u2014 video \u2014 2025-12-01 06:22:14<\/div>\n<div class=\"puf-content\">Mod<br \/>\nhttps:\/\/www.curseforge.com\/minecraft\/&#8230;<br \/>\n\\&#039;<br \/>\nthank you<\/div>\n<div class=\"puf-media\" style=\"margin-top:10px;\">\n<div style=\"position:relative;padding-bottom:56.25%;height:0;overflow:hidden;\"><iframe src=\"https:\/\/www.youtube.com\/embed\/toCjQE8cUMA?rel=0&#038;modestbranding=1\" frameborder=\"0\" allow=\"accelerometer; autoplay; clipboard-write; encrypted-media; gyroscope; picture-in-picture\" allowfullscreen style=\"position:absolute;top:0;left:0;width:100%;height:100%;\"><\/iframe><\/div>\n<\/div>\n<p style=\"margin-top:10px;\"><button class=\"puf-like-btn\" data-id=\"1\">\u2764 Like <span>0<\/span><\/button> <\/p>\n<\/div>\n<\/div>\n\n\n\n<p><\/p>\n\t\t\t\t\t\t\t\t<\/div>\n\t\t\t\t<\/div>\n\t\t\t\t\t<\/div>\n\t\t\t\t<\/div>\n\t\t\t\t<\/div>\n\t\t","protected":false},"excerpt":{"rendered":"","protected":false},"author":1,"featured_media":0,"parent":0,"menu_order":0,"comment_status":"closed","ping_status":"closed","template":"","meta":{"footnotes":""},"class_list":["post-278","page","type-page","status-publish","hentry","entry"],"_links":{"self":[{"href":"https:\/\/gerdygamingcz.com\/index.php?rest_route=\/wp\/v2\/pages\/278","targetHints":{"allow":["GET"]}}],"collection":[{"href":"https:\/\/gerdygamingcz.com\/index.php?rest_route=\/wp\/v2\/pages"}],"about":[{"href":"https:\/\/gerdygamingcz.com\/index.php?rest_route=\/wp\/v2\/types\/page"}],"author":[{"embeddable":true,"href":"https:\/\/gerdygamingcz.com\/index.php?rest_route=\/wp\/v2\/users\/1"}],"replies":[{"embeddable":true,"href":"https:\/\/gerdygamingcz.com\/index.php?rest_route=%2Fwp%2Fv2%2Fcomments&post=278"}],"version-history":[{"count":5,"href":"https:\/\/gerdygamingcz.com\/index.php?rest_route=\/wp\/v2\/pages\/278\/revisions"}],"predecessor-version":[{"id":920,"href":"https:\/\/gerdygamingcz.com\/index.php?rest_route=\/wp\/v2\/pages\/278\/revisions\/920"}],"wp:attachment":[{"href":"https:\/\/gerdygamingcz.com\/index.php?rest_route=%2Fwp%2Fv2%2Fmedia&parent=278"}],"curies":[{"name":"wp","href":"https:\/\/api.w.org\/{rel}","templated":true}]}}